{"id":40,"date":"2024-01-09T11:13:58","date_gmt":"2024-01-09T11:13:58","guid":{"rendered":"https:\/\/producaomusicalacessivel.com.br\/?page_id=40"},"modified":"2026-04-24T14:19:37","modified_gmt":"2026-04-24T14:19:37","slug":"acessibilidade","status":"publish","type":"page","link":"https:\/\/producaomusicalacessivel.com.br\/index.php\/acessibilidade\/","title":{"rendered":"Acessibilidade"},"content":{"rendered":"<h1>Scripts e Add-ons: Acessibilidade para Plugins e Softwares<\/h1>\n<section>\n<h2>Leitor de Tela NVDA Access<\/h2>\n<p class=\"download-link\">\n        <a href=\"https:\/\/www.producaomusicalacessivel.com.br\/acessibilidade\/nvda_2025.3.3.exe\" \n           onclick=\"confirmarDownload('NVDA 2025.3.3')\" download><br \/>\n            Baixar NVDA Access (Vers\u00e3o Atual 2025.3.3)<br \/>\n        <\/a>\n    <\/p>\n<\/section>\n<section>\n<h2>Add-ons para NVDA (Acessibilidade em Plugins)<\/h2>\n<p>Complementos que possibilitam a acessibilidade em plugins de \u00e1udio, simuladores e instrumentos virtuais.<\/p>\n<div style=\"margin-bottom: 20px;\">\n<p><strong>Sibiac + OCR-Sibiac:<\/strong> Permite acessibilidade no Addictive Drums 2, EZ Drummer 2, Melodyne, GTune e simuladores de guitarra.<\/p>\n<p class=\"download-link\">\n            <a href=\"https:\/\/www.producaomusicalacessivel.com.br\/acessibilidade\/Sibiac-e-OCRSibiac-2025-producaomusicalacessivel.rar\" \n               onclick=\"confirmarDownload('Sibiac + OCR Sibiac')\" download><br \/>\n                Baixar Sibiac + OCR Sibiac (Compat\u00edvel com NVDA 2025)<br \/>\n            <\/a>\n        <\/p>\n<\/p><\/div>\n<div style=\"margin-bottom: 20px;\">\n<p><strong>LBL Access:<\/strong> Evolu\u00e7\u00e3o do Sibiac com suporte a Steven Slate Drums 5.0, SessionDrummer 3 e outros.<\/p>\n<p class=\"download-link\">\n            <a href=\"https:\/\/www.producaomusicalacessivel.com.br\/acessibilidade\/LBL-e-Ocr-Addon-para-Nvda-producaomusicalacessivel.com.br.rar\" \n               onclick=\"confirmarDownload('LBL + OCR')\" download><br \/>\n                Baixar LBL + OCR<br \/>\n            <\/a>\n        <\/p>\n<\/p><\/div>\n<\/section>\n<section>\n<h2>Scripts de Acessibilidade<\/h2>\n<p class=\"download-link\">\n        <a href=\"https:\/\/producaomusicalacessivel.com.br\/acessibilidade\/Script-Ultimate-Vocal-Remover-producaomusicalacessivel.rar\" \n           onclick=\"confirmarDownload('Script Ultimate Vocal Remover')\" download><br \/>\n            Baixar Script Ultimate Vocal Remover (PT-BR)<br \/>\n        <\/a>\n    <\/p>\n<p class=\"download-link\">\n        <a href=\"https:\/\/www.producaomusicalacessivel.com.br\/acessibilidade\/Script-Neural-Amp-Moduller-v1-producaomusicalacessivel.rar\" \n           onclick=\"confirmarDownload('Script Neural Amp Modeler')\" download><br \/>\n            Baixar Script Neural Amp Modeler Acess\u00edvel<br \/>\n        <\/a>\n    <\/p>\n<p class=\"download-link\">\n        <a href=\"https:\/\/www.producaomusicalacessivel.com.br\/acessibilidade\/Script-Yamaha-Expansion-Manager-2025-v1.rar\" \n           onclick=\"confirmarDownload('Script Yamaha Expansion Manager')\" download><br \/>\n            Baixar Script Yamaha Expansion Manager 2025 v1<br \/>\n        <\/a>\n    <\/p>\n<p class=\"download-link\">\n        <a href=\"https:\/\/www.producaomusicalacessivel.com.br\/acessibilidade\/afinador-acessivel-lr-produtions-v.1.0.rar\" \n           onclick=\"confirmarDownload('Afinador Acess\u00edvel LR Productions')\" download><br \/>\n            Baixar Afinador Acess\u00edvel L R Productions 1.0<br \/>\n        <\/a>\n    <\/p>\n<\/section>\n<section>\n<h2>Vers\u00f5es Otimizadas<\/h2>\n<p class=\"download-link\">\n        <a href=\"https:\/\/www.producaomusicalacessivel.com.br\/acessibilidade\/nvda-portatil-thomas-argentino-2024.rar\" \n           onclick=\"confirmarDownload('NVDA Port\u00e1til 2024')\" download><br \/>\n            Baixar NVDA Port\u00e1til 2024 (Otimizado para Produ\u00e7\u00e3o Musical)<br \/>\n        <\/a>\n    <\/p>\n<\/section>\n<p><script>\nfunction confirmarDownload(nome) {\n    alert(\"O download de '\" + nome + \"' foi iniciado com sucesso!\");\n}\n<\/script><\/p>\n","protected":false},"excerpt":{"rendered":"<p>Scripts e Add-ons: Acessibilidade para Plugins e Softwares Leitor de Tela NVDA Access Baixar NVDA Access (Vers\u00e3o Atual 2025.3.3) Add-ons [&hellip;]<\/p>\n","protected":false},"author":1,"featured_media":0,"parent":0,"menu_order":2,"comment_status":"closed","ping_status":"closed","template":"","meta":{"site-sidebar-layout":"default","site-content-layout":"","ast-site-content-layout":"","site-content-style":"default","site-sidebar-style":"default","ast-global-header-display":"","ast-banner-title-visibility":"","ast-main-header-display":"","ast-hfb-above-header-display":"","ast-hfb-below-header-display":"","ast-hfb-mobile-header-display":"","site-post-title":"","ast-breadcrumbs-content":"","ast-featured-img":"","footer-sml-layout":"","theme-transparent-header-meta":"","adv-header-id-meta":"","stick-header-meta":"","header-above-stick-meta":"","header-main-stick-meta":"","header-below-stick-meta":"","astra-migrate-meta-layouts":"default","ast-page-background-enabled":"default","ast-page-background-meta":{"desktop":{"background-color":"var(--ast-global-color-4)","background-image":"","background-repeat":"repeat","background-position":"center center","background-size":"auto","background-attachment":"scroll","background-type":"","background-media":"","overlay-type":"","overlay-color":"","overlay-gradient":""},"tablet":{"background-color":"","background-image":"","background-repeat":"repeat","background-position":"center center","background-size":"auto","background-attachment":"scroll","background-type":"","background-media":"","overlay-type":"","overlay-color":"","overlay-gradient":""},"mobile":{"background-color":"","background-image":"","background-repeat":"repeat","background-position":"center center","background-size":"auto","background-attachment":"scroll","background-type":"","background-media":"","overlay-type":"","overlay-color":"","overlay-gradient":""}},"ast-content-background-meta":{"desktop":{"background-color":"var(--ast-global-color-5)","background-image":"","background-repeat":"repeat","background-position":"center center","background-size":"auto","background-attachment":"scroll","background-type":"","background-media":"","overlay-type":"","overlay-color":"","overlay-gradient":""},"tablet":{"background-color":"var(--ast-global-color-5)","background-image":"","background-repeat":"repeat","background-position":"center center","background-size":"auto","background-attachment":"scroll","background-type":"","background-media":"","overlay-type":"","overlay-color":"","overlay-gradient":""},"mobile":{"background-color":"var(--ast-global-color-5)","background-image":"","background-repeat":"repeat","background-position":"center center","background-size":"auto","background-attachment":"scroll","background-type":"","background-media":"","overlay-type":"","overlay-color":"","overlay-gradient":""}},"footnotes":""},"class_list":["post-40","page","type-page","status-publish","hentry"],"_links":{"self":[{"href":"https:\/\/producaomusicalacessivel.com.br\/index.php\/wp-json\/wp\/v2\/pages\/40","targetHints":{"allow":["GET"]}}],"collection":[{"href":"https:\/\/producaomusicalacessivel.com.br\/index.php\/wp-json\/wp\/v2\/pages"}],"about":[{"href":"https:\/\/producaomusicalacessivel.com.br\/index.php\/wp-json\/wp\/v2\/types\/page"}],"author":[{"embeddable":true,"href":"https:\/\/producaomusicalacessivel.com.br\/index.php\/wp-json\/wp\/v2\/users\/1"}],"replies":[{"embeddable":true,"href":"https:\/\/producaomusicalacessivel.com.br\/index.php\/wp-json\/wp\/v2\/comments?post=40"}],"version-history":[{"count":60,"href":"https:\/\/producaomusicalacessivel.com.br\/index.php\/wp-json\/wp\/v2\/pages\/40\/revisions"}],"predecessor-version":[{"id":535,"href":"https:\/\/producaomusicalacessivel.com.br\/index.php\/wp-json\/wp\/v2\/pages\/40\/revisions\/535"}],"wp:attachment":[{"href":"https:\/\/producaomusicalacessivel.com.br\/index.php\/wp-json\/wp\/v2\/media?parent=40"}],"curies":[{"name":"wp","href":"https:\/\/api.w.org\/{rel}","templated":true}]}}